{"id":30488,"date":"2018-01-27T19:39:14","date_gmt":"2018-01-27T18:39:14","guid":{"rendered":"https:\/\/www.contentologue.com\/formation-blog-professionnel\/?page_id=30488"},"modified":"2024-12-21T00:06:58","modified_gmt":"2024-12-20T23:06:58","slug":"comment-ecrire-un-livre-et-le-vendre","status":"publish","type":"page","link":"https:\/\/www.contentologue.com\/formations\/comment-ecrire-un-livre-et-le-vendre\/","title":{"rendered":"Comment \u00e9crire un livre et le vendre"},"content":{"rendered":"<h2 style=\"text-align: center;\">Comment \u00e9crire un livre et le vendre<\/h2>\n<h3 style=\"text-align: center;\">La m\u00e9thode \u00e9tape par \u00e9tape<\/h3>\n<p>&nbsp;<\/p>\n<p><img loading=\"lazy\" decoding=\"async\" class=\"aligncenter size-full wp-image-30495\" src=\"https:\/\/www.contentologue.com\/formations\/wp-content\/uploads\/2018\/01\/\u00e9crirelivre.png\" alt=\"comment \u00e9crire un livre et le vendre\" width=\"652\" height=\"612\" srcset=\"https:\/\/www.contentologue.com\/formations\/wp-content\/uploads\/2018\/01\/\u00e9crirelivre.png 652w, https:\/\/www.contentologue.com\/formations\/wp-content\/uploads\/2018\/01\/\u00e9crirelivre-300x282.png 300w\" sizes=\"auto, (max-width: 652px) 100vw, 652px\" \/><\/p>\n<p style=\"text-align: center;\">Vous d\u00e9sirez aider les autres, en diffusant votre savoir sur un sujet qui vous touche, en r\u00e9solvant un probl\u00e8me important ou en leur enseignant ce qu'ils m\u00e9ritent de conna\u00eetre ?<\/p>\n<p style=\"text-align: center;\">Vous \u00eates au bon endroit.<\/p>\n<p>&nbsp;<\/p>\n<h3 style=\"text-align: center;\"><strong><span style=\"color: #008000;\"><a style=\"color: #008000;\" href=\"https:\/\/www.contentologue.com\/formations\/paiement-ecrire-un-livre-et-le-vendre\/\" target=\"_blank\" rel=\"noopener noreferrer\">Acc\u00e9der \u00e0 la formation<\/a><\/span><\/strong><\/h3>\n<hr \/>\n<p>Depuis la sortie de mon article <a href=\"https:\/\/www.contentologue.com\/37-techniques-pour-ecrire-un-livre\/\" target=\"_blank\" rel=\"noopener noreferrer\">37 techniques pour enfin \u00e9crire un livre<\/a>, je ne cesse de recevoir des commentaires et des mails de personnes d\u00e9sirant devenir auteur et qui me demandent de les aider \u00e0 se lancer dans la <strong><span style=\"color: #3366ff;\">r\u00e9daction de leur livre<\/span><\/strong>.<\/p>\n<p>Elles ne manquent ni d'inspiration, ni de motivation, mais elles :<\/p>\n<ul>\n<li>Finissent par trouver leurs \u00e9crits ennuyeux<\/li>\n<li>Sont<strong><span style=\"color: #3366ff;\"> submerg\u00e9es<\/span> <\/strong>par l'ampleur de la t\u00e2che<\/li>\n<li>Sont tent\u00e9es d'abandonner trop facilement<\/li>\n<\/ul>\n<p>Vous vous reconnaissez ?<\/p>\n<p>Alors, imaginez que vous sachiez <em>exactement<\/em> :<\/p>\n<ul>\n<li>Par quoi commencer<\/li>\n<li>Quelle m\u00e9thode et quelle structure adopter<\/li>\n<li>Comment vaincre la procrastination en connaissant les t\u00e2ches pr\u00e9cises \u00e0 accomplir<\/li>\n<li>Et surtout, comment se faire \u00e9diter, se vendre, se faire conna\u00eetre !<\/li>\n<\/ul>\n<p>Vous pourriez <strong><span style=\"color: #3366ff;\">finir ce travail<\/span><\/strong> bien plus facilement que vous ne l'imaginez.<\/p>\n<p>Il est \u00e9vident que si vous d\u00e9butez, cela peut s'av\u00e9rer un parcours du combattant, non seulement pour r\u00e9diger votre livre, mais surtout pour vous le faire conna\u00eetre, et <strong><span style=\"color: #3366ff;\">le vendre<\/span><\/strong>.<\/p>\n<p>C'est pourquoi j'ai d\u00e9cid\u00e9 de cr\u00e9er une m\u00e9thode vraiment compl\u00e8te et d\u00e9taill\u00e9e qui va vous apprendre \u00e0 \u00e9crire un livre, depuis l'id\u00e9e jusqu'\u00e0 la diffusion de celui-ci.<\/p>\n<hr \/>\n<blockquote><p><a href=\"https:\/\/www.contentologue.com\/formations\/wp-content\/uploads\/2018\/12\/MagaliBadolo.png\"><img loading=\"lazy\" decoding=\"async\" class=\"alignleft size-medium wp-image-31420\" src=\"https:\/\/www.contentologue.com\/formations\/wp-content\/uploads\/2018\/12\/MagaliBadolo-300x217.png\" alt=\"\" width=\"300\" height=\"217\" srcset=\"https:\/\/www.contentologue.com\/formations\/wp-content\/uploads\/2018\/12\/MagaliBadolo-300x217.png 300w, https:\/\/www.contentologue.com\/formations\/wp-content\/uploads\/2018\/12\/MagaliBadolo.png 527w\" sizes=\"auto, (max-width: 300px) 100vw, 300px\" \/><\/a>Et voil\u00e0 ! J\u2019ai mis un peu de temps mais \u00e7a y est !\ud83c\udf7e\ud83c\udf89<br \/>\nJ\u2019ai auto-\u00e9dit\u00e9 mon premier Ebook pratique, r\u00e9dig\u00e9 et cr\u00e9\u00e9 de A \u00e0 Z par moi-m\u00eame ! Je suis hyper contente !\u00a0\ud83d\ude0a<br \/>\nMerci beaucoup Sophie! Ta formation m\u2019a permis d\u2019avancer \u00e9tape par \u00e9tape, sans m\u2019\u00e9garer. J\u2019ai suivi presque tous tes conseils\u00a0\ud83d\ude01.<\/p>\n<p>Magali Badolo (<span class=\"a-list-item\"><a title=\"Mieux vivre son op\u00e9ration (et avoir moins peur): Une infirmi\u00e8re vous guide pas \u00e0 pas\" href=\"https:\/\/amzn.to\/2BEMv1F\" target=\"_blank\" rel=\"noopener noreferrer\">Mieux vivre son op\u00e9ration (et avoir moins peur): Une infirmi\u00e8re vous guide pas \u00e0 pas<\/a>)<\/span><\/p><\/blockquote>\n<p>&nbsp;<\/p>\n<h4 style=\"text-align: center;\"><strong><span style=\"color: #008000;\"><a style=\"color: #008000;\" href=\"https:\/\/www.contentologue.com\/formations\/paiement-ecrire-un-livre-et-le-vendre\/\" target=\"_blank\" rel=\"noopener noreferrer\">Oui je veux apprendre \u00e0 \u00e9crire un livre et le vendre<\/a><\/span><\/strong><\/h4>\n<hr \/>\n<h3>Ce que vous apprendrez dans cette formation :<\/h3>\n<p>\ud83d\udcd6 \u00c0 \u00e9crire un essai, livre pratique, didactique : un livre qui va aider vos lecteurs \u00e0 comprendre un sujet, accomplir un but ou r\u00e9soudre un probl\u00e8me.<\/p>\n<p>\ud83d\udcd6\u00a0Le secret d'une th\u00e9matique de livre qui vous <span style=\"color: #3366ff;\"><strong>passionnera<\/strong> <\/span>ET qui va bien <span style=\"color: #3366ff;\"><strong>se vendre<\/strong><\/span>.<\/p>\n<p>\ud83d\udcd6 La m\u00e9thode ultime pour faire vos recherches comme un pro et devenir un expert, m\u00eame si vous n'\u00eates pas professionnel de votre domaine. Vous saurez <span style=\"color: #3366ff;\"><strong>comment chercher et o\u00f9<\/strong><\/span>.<\/p>\n<p>\ud83d\udcd6 La technique \u00e9tape par \u00e9tape pour structurer votre livre facilement, afin que vous n'ayez plus qu'\u00e0 \"remplir les cases\". Je vous indique un <span style=\"color: #3366ff;\"><strong>mod\u00e8le de plan \u00e0 suivre<\/strong><\/span>, ainsi que les outils pour le concevoir.<\/p>\n<p>\ud83d\udcd6 Des techniques faciles \u00e0 appliquer et efficaces pour rendre votre \u00e9criture <span style=\"color: #3366ff;\"><strong>attractive et agr\u00e9able<\/strong> <strong>\u00e0 lire<\/strong><\/span>. Des proc\u00e9d\u00e9s litt\u00e9raires aux m\u00e9thodes de copywriting \u00e9prouv\u00e9es, vous comprendrez enfin comment font les autres pour <span style=\"color: #3366ff;\"><strong>bien \u00e9crire<\/strong><\/span>.<\/p>\n<p>\ud83d\udcd6 Toutes les indications pour <span style=\"color: #3366ff;\"><strong>mettre en page<\/strong><\/span> votre livre de mani\u00e8re professionnelle. Un livre mal organis\u00e9 peut tout g\u00e2cher, et vous attirer de mauvais commentaires. Suivez le guide et disposez vos phrases et vos mots intelligemment.<\/p>\n<p>\ud83d\udcd6 \u00c0 \u00e9viter les pi\u00e8ges d'\u00e9dition pour publier votre livre <span style=\"color: #3366ff;\"><strong>gratuitement<\/strong><\/span>, o\u00f9 \u00e0 un prix minime. Je vous indique les plateformes et supports les plus int\u00e9ressants financi\u00e8rement pour publier votre livre en version num\u00e9rique et papier, sans vous ruiner.<\/p>\n<p>\ud83d\udcd6 Un guide d\u00e9taill\u00e9 pour <span style=\"color: #3366ff;\"><strong>r\u00e9f\u00e9rencer votre livre<\/strong><\/span> et vous faire conna\u00eetre, alors m\u00eame que vous n'avez jamais rien \u00e9crit. Vous n'imaginez pas les m\u00e9thodes ing\u00e9nieuses qui existent pour se d\u00e9marquer \u00e0 coup s\u00fbr !<\/p>\n<p>&nbsp;<\/p>\n<h3 style=\"text-align: center;\"><strong><span style=\"color: #008000;\"><a style=\"color: #008000;\" href=\"https:\/\/www.contentologue.com\/formations\/paiement-ecrire-un-livre-et-le-vendre\/\" target=\"_blank\" rel=\"noopener noreferrer\">Acc\u00e9der \u00e0 la formation<\/a><\/span><\/strong><\/h3>\n<hr \/>\n<h3>Pour qui cette formation est-elle faite ?<\/h3>\n<p>\u2705 Pour ceux\/celles qui ont envie de<span style=\"color: #3366ff;\"> <strong>gagner assez d'argent pour vivre en \u00e9crivant<\/strong><\/span>. Oui, c'est possible, quand on sait exactement comment faire. Si tellement de personnes n'arrivent pas \u00e0 vendre leurs livres et \u00e9chouent en tant qu'auteur, c'est parce qu'il n'appliquent pas le dixi\u00e8me des m\u00e9thodes que je vais vous donner.<\/p>\n<p>\u2705 Pour ceux\/celles qui sont du genre \u00e0 \u00eatre hyper motiv\u00e9s, qui se lancent, abandonnent et finissent par croire qu'ils ne sont pas faits pour \u00e7a. Vous ne poss\u00e9diez pas de m\u00e9thode : c'est comme si vous vous lanciez dans la natation sportive sans savoir flotter sur l'eau. Je vous donne un <span style=\"color: #3366ff;\"><strong>programme facile \u00e0 suivre<\/strong><\/span>, et vous verrez votre travail et vos comp\u00e9tences s'am\u00e9liorer chaque jour : comme c'est motivant !<\/p>\n<p>\u2705 Pour ceux\/celles qui ont tendance \u00e0 \"partir dans tous les sens\". Je vous donne une <span style=\"color: #3366ff;\"><strong>structure de travail<\/strong><\/span> \u00e0 suivre. Vous n'avez plus peur de vous perdre et vous savez \u00e0 chaque instant o\u00f9 vous en \u00eates.<\/p>\n<p>\u2705 Pour ceux\/celles qui ont tellement de choses \u00e0 partager, mais n'arrivent tout simplement pas \u00e0 les <span style=\"color: #3366ff;\"><strong>exprimer<\/strong><\/span>. Vous verrez que vous vous faites toute une histoire, alors qu'\u00e9crire est simple...quand on sait exactement <span style=\"color: #3366ff;\"><strong>comment faire<\/strong> <\/span>!<\/p>\n<p>\u2705 Pour ceux et celles qui ont l'ambition de <span style=\"color: #3366ff;\"><strong>devenir \u00e9crivain<\/strong><\/span>, mais se sont lanc\u00e9s trop t\u00f4t dans la r\u00e9daction d'une \u00e9pop\u00e9e ou de leur autobiographie, avant m\u00eame d'avoir compris \"Comment \u00e9crire un livre\".<\/p>\n<h3 style=\"text-align: center;\"><strong><span style=\"color: #008000;\"><a style=\"color: #008000;\" href=\"https:\/\/www.contentologue.com\/formations\/paiement-ecrire-un-livre-et-le-vendre\/\" target=\"_blank\" rel=\"noopener noreferrer\">Acc\u00e9der \u00e0 la formation<\/a><\/span><\/strong><\/h3>\n<hr \/>\n<h3>La liste des fausses croyances r\u00e9pandues<\/h3>\n<p><strong>\u2753Si on a pas \"la fibre litt\u00e9raire\", on ne peut pas \u00e9crire.\u00a0<\/strong><\/p>\n<p><strong><span style=\"color: #ff0000;\">Faux !<\/span><\/strong> Si vous avez <strong><span style=\"color: #3366ff;\">envie de le faire<\/span><\/strong>, c'est tout ce qui compte.<\/p>\n<p>C'est comme cuisiner une recette : Si on vous donne les ingr\u00e9dients, les \u00e9tapes \u00e0 suivre et les temps de cuisson, vous pouvez faire un plat. M\u00eame si vous n'\u00eates pas n\u00e9 cordon-bleu. \u00c9crire un livre, c'est la m\u00eame chose.<\/p>\n<p>&nbsp;<\/p>\n<h4 style=\"text-align: center;\"><em><strong>Le petit po\u00e8me de la confiance en soi\u00a0<\/strong><\/em><\/h4>\n<p style=\"text-align: center;\"><em>(\u00e0 coller au-dessus de sa table d'\u00e9criture)<\/em><\/p>\n<p style=\"text-align: center;\">L'envie dirige vers le d\u00e9sir de connaissances,<\/p>\n<p style=\"text-align: center;\">Les connaissances donnent confiance en la pratique,<\/p>\n<p style=\"text-align: center;\">La pratique conduit toujours \u00e0 la ma\u00eetrise,<\/p>\n<p style=\"text-align: center;\">Pratiquer encore et encore m\u00e8ne irr\u00e9m\u00e9diablement au talent,<\/p>\n<p style=\"text-align: center;\">La confiance et l'habitude de pratiquer cr\u00e9ent de l'aisance,<\/p>\n<p style=\"text-align: center;\">L'aisance transforme peu \u00e0 peu le talent en g\u00e9nie !<\/p>\n<p>&nbsp;<\/p>\n<p><strong>\u2753\u00c9crire un livre est un travail titanesque et prend un temps fou<\/strong><\/p>\n<p><strong><span style=\"color: #ff0000;\">Faux !<\/span><\/strong> Est-ce que le fait de marcher vous semble une prouesse extraordinaire ? Non, car vous avez tellement pratiqu\u00e9 depuis l'enfance, que vous le faites aussi facilement que respirer. Pourtant, lorsque vous aviez 1 an, vous regardiez les grands se d\u00e9placer sur 2 jambes avec une grande admiration.<\/p>\n<p>On se repr\u00e9sente TOUJOURS ce qu'on ne sait pas encore faire, comme un id\u00e9al inaccessible. Oui, \u00e9crire un livre va vous demander du temps. Pas de prendre du temps que vous n'avez pas, mais plut\u00f4t <strong><span style=\"color: #3366ff;\">consacrer le temps<\/span><\/strong> que vous avez d\u00e9j\u00e0 \u00e0 poursuivre la formation et l'\u00e9criture. Vaut-il mieux que vous \u00e9criviez 1 page par jour...ou rien du tout ? Et si vous mettiez 1 an \u00e0 \u00e9crire votre livre ? Et bien, dans 1 an, vous aurez 1 an de plus, quoi qu'il arrive. Vous pourriez arriver \u00e0 cet \u00e2ge en ayant \u00e9crit un livre, ou pas.<\/p>\n<p>&nbsp;<\/p>\n<p><strong>\u2753Mon livre passera inaper\u00e7u parmi les autres. On est trop d'auteurs.<\/strong><\/p>\n<p><strong><span style=\"color: #ff0000;\">Faux !<\/span> <\/strong>Ou plut\u00f4t, c'est exactement ce qui arrive \u00e0 la majorit\u00e9 des \u00e9crivains, car ils ne font rien dans le bon sens.<\/p>\n<ul>\n<li>Ils \u00e9crivent un livre qui n'int\u00e9resse qu'eux.<\/li>\n<li>Ils ne choisissent pas le bon sujet.<\/li>\n<li>Ils \u00e9crivent avec un style de r\u00e9daction d'\u00e9cole, ou utilisent des phrases de charabias incompr\u00e9hensibles.<\/li>\n<li>Ils ne savent pas passionner les lecteurs et les inspirer vraiment.<\/li>\n<li>Ils ne connaissent pas le secret d'un titre vendeur.<\/li>\n<li>Ils ne savent pas se r\u00e9f\u00e9rencer.<\/li>\n<li>Ils pr\u00e9f\u00e8rent le narcissisme (payer un salon du livre hors de prix) au pragmatisme (choisir le bon support d'auto-\u00e9dition).<\/li>\n<li>Ils d\u00e9pensent un temps incroyable \u00e0 envoyer leurs manuscrits \u00e0 35 \u00e9diteurs.<\/li>\n<li>Ils publient leur livre sur Amazon et attendent.<\/li>\n<li>Ils ont une couverture de livre affreuse.<\/li>\n<li>Ils vont dans les salons, se posent avec leur pile de livres et attendent sur leur chaise que les clients arrivent !<\/li>\n<\/ul>\n<p>Voil\u00e0 comment des milliers de livre ne poss\u00e8dent aucun commentaire sur Amazon, sont imprim\u00e9s en 20 exemplaires et peinent \u00e0 se vendre, restent inconnus au bataillon !<\/p>\n<h3 style=\"text-align: center;\"><strong><span style=\"color: #008000;\"><a style=\"color: #008000;\" href=\"https:\/\/www.contentologue.com\/formations\/paiement-ecrire-un-livre-et-le-vendre\/\" target=\"_blank\" rel=\"noopener noreferrer\">Acc\u00e9der \u00e0 la formation<\/a><\/span><\/strong><\/h3>\n<hr \/>\n<p>Cette formation s'adresse \u00e0 tous ceux qui\u00a0<strong><span style=\"color: #3366ff;\">sont motiv\u00e9s<\/span><\/strong>, mais ne savent ni par o\u00f9 commencer, et qui se repr\u00e9sentent l'\u00e9criture d'un livre et sa vente comme un travail de titan impossible \u00e0 r\u00e9aliser.<\/p>\n<p>Je vous donne <strong><span style=\"color: #3366ff;\">toutes les connaissances<\/span><\/strong>, pour que du 1er mot au dernier, vous vous sentiez en terrain fiable, avec une confiance en vous \u00e0 toute \u00e9preuve : \u00e9crire n'est plus un mythe et un r\u00eave, c'est un ensemble de connaissances \u00e0 acqu\u00e9rir et une m\u00e9thode \u00e0 appliquer.<\/p>\n<p>Devenez auteur, et <span style=\"color: #3366ff;\"><strong>touchez des milliers de personnes<\/strong><\/span>, par votre imagination, votre savoir et votre talent.<\/p>\n<p>&nbsp;<\/p>\n<h4 style=\"text-align: center;\"><strong><span style=\"color: #008000;\"><a style=\"color: #008000;\" href=\"https:\/\/www.contentologue.com\/formations\/paiement-ecrire-un-livre-et-le-vendre\/\" target=\"_blank\" rel=\"noopener noreferrer\">Oui je veux apprendre \u00e0 \u00e9crire un livre et le vendre<\/a><\/span><\/strong><\/h4>\n","protected":false},"excerpt":{"rendered":"<p>Comment \u00e9crire un livre et le vendre La m\u00e9thode \u00e9tape&hellip;<\/p>\n<p> <a class=\"more-link\" href=\"https:\/\/www.contentologue.com\/formations\/comment-ecrire-un-livre-et-le-vendre\/\">Read more<\/a><\/p>\n","protected":false},"author":1,"featured_media":0,"parent":0,"menu_order":0,"comment_status":"closed","ping_status":"closed","template":"","meta":{"footnotes":""},"class_list":["post-30488","page","type-page","status-publish"],"_links":{"self":[{"href":"https:\/\/www.contentologue.com\/formations\/wp-json\/wp\/v2\/pages\/30488","targetHints":{"allow":["GET"]}}],"collection":[{"href":"https:\/\/www.contentologue.com\/formations\/wp-json\/wp\/v2\/pages"}],"about":[{"href":"https:\/\/www.contentologue.com\/formations\/wp-json\/wp\/v2\/types\/page"}],"author":[{"embeddable":true,"href":"https:\/\/www.contentologue.com\/formations\/wp-json\/wp\/v2\/users\/1"}],"replies":[{"embeddable":true,"href":"https:\/\/www.contentologue.com\/formations\/wp-json\/wp\/v2\/comments?post=30488"}],"version-history":[{"count":0,"href":"https:\/\/www.contentologue.com\/formations\/wp-json\/wp\/v2\/pages\/30488\/revisions"}],"wp:attachment":[{"href":"https:\/\/www.contentologue.com\/formations\/wp-json\/wp\/v2\/media?parent=30488"}],"curies":[{"name":"wp","href":"https:\/\/api.w.org\/{rel}","templated":true}]}}