{"id":30751,"date":"2018-07-18T14:19:23","date_gmt":"2018-07-18T12:19:23","guid":{"rendered":"https:\/\/www.contentologue.com\/formation-blog-professionnel\/?page_id=30751"},"modified":"2024-12-21T00:06:26","modified_gmt":"2024-12-20T23:06:26","slug":"mon-carnet-creatif","status":"publish","type":"page","link":"https:\/\/www.contentologue.com\/formations\/mon-carnet-creatif\/","title":{"rendered":"D\u00e9velopper sa cr\u00e9ativit\u00e9 &#8211; Exercices en ligne &#8211; Mon Carnet Cr\u00e9atif"},"content":{"rendered":"<h2 style=\"text-align: center;\"><a href=\"https:\/\/www.contentologue.com\/formations\/wp-content\/uploads\/2018\/07\/D\u00e9veloppercr\u00e9ativit\u00e9etimagination.jpg\"><img loading=\"lazy\" decoding=\"async\" class=\"aligncenter wp-image-30801 size-full\" title=\"Exercices pour d\u00e9velopper sa cr\u00e9ativit\u00e9\" src=\"https:\/\/www.contentologue.com\/formations\/wp-content\/uploads\/2018\/07\/D\u00e9veloppercr\u00e9ativit\u00e9etimagination.jpg\" alt=\"D\u00e9velopper cr\u00e9ativit\u00e9 et son imagination\" width=\"2000\" height=\"1000\" srcset=\"https:\/\/www.contentologue.com\/formations\/wp-content\/uploads\/2018\/07\/D\u00e9veloppercr\u00e9ativit\u00e9etimagination.jpg 2000w, https:\/\/www.contentologue.com\/formations\/wp-content\/uploads\/2018\/07\/D\u00e9veloppercr\u00e9ativit\u00e9etimagination-300x150.jpg 300w, https:\/\/www.contentologue.com\/formations\/wp-content\/uploads\/2018\/07\/D\u00e9veloppercr\u00e9ativit\u00e9etimagination-768x384.jpg 768w, https:\/\/www.contentologue.com\/formations\/wp-content\/uploads\/2018\/07\/D\u00e9veloppercr\u00e9ativit\u00e9etimagination-1024x512.jpg 1024w\" sizes=\"auto, (max-width: 2000px) 100vw, 2000px\" \/><\/a><span style=\"font-family: rock-salt; font-size: 36pt; color: #ed6a5a;\">Mon carnet cr\u00e9atif<\/span><\/h2>\n<p style=\"text-align: center;\"><span style=\"color: #15d1d1; font-size: 24pt;\"><strong>Le carnet cr\u00e9atif pour les \u00e9crivains<\/strong><\/span><\/p>\n<p style=\"text-align: center;\"><span style=\"font-size: 18pt;\">\u00a0<strong>300 petits jeux et exercices <\/strong>d'\u00e9criture, de cr\u00e9ativit\u00e9 et d\u00e9veloppement personnel<\/span><\/p>\n<ul>\n<li><strong>150 petits jeux et exercices d'\u00e9criture<\/strong>, qui vous apprennent \u00e0 r\u00e9ellement ma\u00eetriser les techniques de cr\u00e9ation litt\u00e9raire et de style. Vous apprendrez tout aussi bien \u00e0 \u00e9crire un nouvelle qu'\u00e0 rendre n'importe quel texte fort \u00e9motionnellement. Vous d\u00e9couvrirez un v\u00e9ritable plaisir \u00e0 jouer avec la langue, m\u00eame si vous d\u00e9butez.<\/li>\n<li><strong>30 exercices et jeux d'imagination<\/strong> pour apprendre \u00e0 accro\u00eetre votre cr\u00e9ativit\u00e9 et devenir un r\u00e9servoir \u00e0 id\u00e9es originales.<\/li>\n<li><strong>30 exercices et jeux pour apprendre \u00e0 booster votre cerveau<\/strong>. Augmentez votre intelligence, m\u00e9moire et esprit de synth\u00e8se. Apprenez \u00e0 penser \"hors de la bo\u00eete\".<\/li>\n<li><strong>30 exercices et jeux pour apprendre \u00e0 mieux se conna\u00eetre.<\/strong> Parce qu'un auteur qui conna\u00eet le monde s'est avant tout explor\u00e9 lui-m\u00eame. D\u00e9veloppez une vision personnelle et rendez vos \u00e9crits encore plus inspirants.<\/li>\n<li><strong>60 autres exercices et jeux<\/strong> pour conserver votre motivation, sortir de la routine, gu\u00e9rir des vieilles blessures, d\u00e9velopper votre spiritualit\u00e9, l\u00e2cher prise, des audios, des vid\u00e9os, des cartes de cr\u00e9ativit\u00e9 \u00e0 imprimer, des citations....<\/li>\n<\/ul>\n<p>&nbsp;<\/p>\n<h3 style=\"text-align: center;\"><span style=\"color: #ff9900;\"><a style=\"color: #ff9900;\" href=\"https:\/\/www.contentologue.com\/formations\/acces-au-carnet-creatif\/\">Acc\u00e9der \u00e0 Mon Carnet Cr\u00e9atif<\/a><\/span><\/h3>\n<hr \/>\n<h3><span style=\"font-family: rock-salt; font-size: 14pt; color: #333333;\"><strong>Vous souhaitez :<\/strong><\/span><\/h3>\n<p>Apprendre des tonnes de techniques pour am\u00e9liorer vos \u00e9crits<\/p>\n<p>\ud83d\udd0a Lib\u00e9rer votre esprit et vous exprimer sans limites<\/p>\n<p><span style=\"font-size: 18pt;\">\ud83d\udca1<\/span> Devenir un v\u00e9ritable g\u00e9n\u00e9rateur d'id\u00e9es nouvelles et uniques<\/p>\n<p><span style=\"font-size: 18pt;\">\u2b50<\/span> Stimuler votre imagination<\/p>\n<p><span style=\"font-size: 18pt;\">\ud83c\udfa8<\/span> R\u00e9veiller votre artiste int\u00e9rieur<\/p>\n<p><span style=\"font-size: 18pt;\">\ud83e\uddda\u200d\u2640\ufe0f <\/span>D\u00e9couvrir qui vous \u00eates vraiment et d\u00e9velopper votre vision d'auteur<\/p>\n<p><span style=\"font-size: 18pt;\">\ud83c\udfb2<\/span> Vous am\u00e9liorer au quotidien tout en vous amusant<\/p>\n<p><span style=\"font-size: 18pt;\">\ud83d\uddc3\ufe0f\u00a0<\/span> Am\u00e9liorer vos capacit\u00e9s de visualisation et d'organisation<\/p>\n<p><span style=\"font-size: 18pt;\">\ud83d\udd4a\ufe0f<\/span> Vous \u00e9vader de la routine et sortir des sentiers battus<\/p>\n<p><span style=\"font-size: 18pt;\">\ud83d\udc50 <\/span>Prendre votre vie en main et vous emmener sur votre chemin de votre r\u00e9ussite personnelle<\/p>\n<p><span style=\"font-size: 16pt;\"><strong><span style=\"color: #ff6600;\">Mon Carnet Cr\u00e9atif<\/span><\/strong> sera l'outil id\u00e9al pour vous accompagner dans une vie d'auteur toujours plus intuitive, productive...cr\u00e9ative !<\/span><\/p>\n<h3 style=\"text-align: center;\"><span style=\"color: #ff9900;\"><a style=\"color: #ff9900;\" href=\"https:\/\/www.contentologue.com\/formations\/acces-au-carnet-creatif\/\">Acc\u00e9der \u00e0 Mon Carnet Cr\u00e9atif<\/a><\/span><\/h3>\n<hr \/>\n<p>&nbsp;<\/p>\n<h3><span style=\"font-size: 14pt; font-family: rock-salt; color: #333333;\">Comment fonctionne\u00a0<span style=\"color: #ff6600;\">Mon carnet cr\u00e9atif<\/span> ?<\/span><\/h3>\n<p>Mon Carnet Cr\u00e9atif est un <strong><span style=\"color: #339966;\">espace en ligne<\/span><\/strong>, qui se pr\u00e9sente comme un buffet \u00e0 volont\u00e9 dans lequel vous piocherez ce qui vous pla\u00eet. Les 300 exercices sont class\u00e9s par cat\u00e9gories, afin de vous concentrer sur l'une ou l'autre \u00e0 des moments appropri\u00e9s de votre vie.<\/p>\n<p>D\u00e8s votre inscription, vous recevez un lien pour cr\u00e9er un espace membre, dans lequel vous trouverez votre carnet et l'acc\u00e8s \u00e0 tous les exercices.<\/p>\n<p><a href=\"https:\/\/www.contentologue.com\/formations\/wp-content\/uploads\/2018\/07\/D\u00e9veloppersacr\u00e9ativit\u00e9.gif\"><img loading=\"lazy\" decoding=\"async\" class=\"size-full wp-image-30799 aligncenter\" src=\"https:\/\/www.contentologue.com\/formations\/wp-content\/uploads\/2018\/07\/D\u00e9veloppersacr\u00e9ativit\u00e9.gif\" alt=\"D\u00e9velopper sa cr\u00e9ativit\u00e9\" width=\"800\" height=\"367\" \/><\/a><\/p>\n<p>Les exercices se pr\u00e9sentent sous forme de textes, dessins, audio ou vid\u00e9o. Ils contiennent des jeux d'\u00e9criture, des jeux psys, de connaissance de soi, d'imagination, d'organisation...<\/p>\n<p>&nbsp;<\/p>\n<h4><span style=\"font-family: rock-salt; font-size: 10pt; color: #333333;\">Un carnet interactif et communautaire<\/span><\/h4>\n<p><a href=\"https:\/\/www.contentologue.com\/formations\/wp-content\/uploads\/2017\/01\/vivre-de-son-blog-pour-tous.png\"><img loading=\"lazy\" decoding=\"async\" class=\"wp-image-901 alignleft\" src=\"https:\/\/www.contentologue.com\/formations\/wp-content\/uploads\/2017\/01\/vivre-de-son-blog-pour-tous-212x300.png\" alt=\"\" width=\"184\" height=\"260\" srcset=\"https:\/\/www.contentologue.com\/formations\/wp-content\/uploads\/2017\/01\/vivre-de-son-blog-pour-tous-212x300.png 212w, https:\/\/www.contentologue.com\/formations\/wp-content\/uploads\/2017\/01\/vivre-de-son-blog-pour-tous.png 600w\" sizes=\"auto, (max-width: 184px) 100vw, 184px\" \/><\/a><\/p>\n<p><span style=\"color: #ff6600;\"><strong>Mon Carnet Cr\u00e9atif<\/strong><\/span>, c'est aussi une exp\u00e9rience de communaut\u00e9 et de partage.<\/p>\n<p>Sous chaque exercice,\u00a0<strong style=\"color: #339966;\">vous pouvez interagir<\/strong> avec les autres, partager vos cr\u00e9ations ou poser des questions dans un espace de commentaires d\u00e9di\u00e9.<\/p>\n<p>Une page de support vous permet de poser directement vos questions et faire vos remarques. Je vous r\u00e9ponds directement !<\/p>\n<p>&nbsp;<\/p>\n<p>&nbsp;<\/p>\n<h3><\/h3>\n<h3 style=\"text-align: center;\"><span style=\"color: #ff9900;\"><a style=\"color: #ff9900;\" href=\"https:\/\/www.contentologue.com\/formations\/acces-au-carnet-creatif\/\">Acc\u00e9der \u00e0 Mon Carnet Cr\u00e9atif<\/a><\/span><\/h3>\n<hr \/>\n<h3><span style=\"font-family: rock-salt; font-size: 14pt;\"><strong><span style=\"color: #333333;\">Pour qui est<\/span>\u00a0<span style=\"color: #333333;\"><span style=\"color: #ff6600;\">Mon carnet cr\u00e9atif<\/span> ?<\/span><\/strong><\/span><\/h3>\n<ul>\n<li>Pour tous les \u00e9crivains qui souhaitent apprendre des techniques pour am\u00e9liorer leurs \u00e9crits<\/li>\n<li>Pour tous les \u00e9crivains qui r\u00eavent de <span style=\"color: #339966;\"><strong>d\u00e9bloquer leur potentiel cr\u00e9atif<\/strong> <\/span>et de sortir de la spirale des croyances limitantes, afin de d\u00e9jouer l'anxi\u00e9t\u00e9 et la peur d'\u00e9chouer.<\/li>\n<li><strong><span style=\"color: #ff6600;\">Mon carnet cr\u00e9atif <\/span><\/strong>est particuli\u00e8rement adapt\u00e9 \u00e0 ceux qui utilisent le support \u00e9crit pour s'exprimer : blogueurs, \u00e9crivains, auteurs...<\/li>\n<\/ul>\n<p>Il est adapt\u00e9 \u00e0 tous les niveaux, aux hommes comme aux femmes, \u00e0 tous les \u00e2ges et \u00e0 toutes les professions. C'est comme un bon copain qui vous tient la main et vous permet de pratiquer <span style=\"color: #339966;\"><strong>\u00e0 votre rythme<\/strong><\/span> vers toujours plus de cr\u00e9ativit\u00e9 et de libert\u00e9 dans vos \u00e9crits.<\/p>\n<p>&nbsp;<\/p>\n<h3 style=\"text-align: center;\"><span style=\"color: #ff9900;\"><a style=\"color: #ff9900;\" href=\"https:\/\/www.contentologue.com\/formations\/acces-au-carnet-creatif\/\">Acc\u00e9der \u00e0 Mon Carnet Cr\u00e9atif<\/a><\/span><\/h3>\n<hr \/>\n<h4 style=\"text-align: center;\"><span style=\"font-family: rock-salt; font-size: 14pt; color: #339966;\">T\u00e9moignages<\/span><\/h4>\n<p style=\"text-align: center;\"><div class=\"strong-view strong-view-id-1 default wpmtst-default slider-container slider-mode-fade slider-adaptive controls-type-sides controls-style-buttons pager-type-full pager-style-buttons nav-position-inside\" data-count=\"6\" data-slider-var=\"strong_slider_id_1\" data-state=\"idle\"><div class=\"strong-content wpmslider-content\"><div class=\"wpmtst-testimonial testimonial t-slide post-36297\"><div class=\"wpmtst-testimonial-inner testimonial-inner\"><h3 class=\"wpmtst-testimonial-heading testimonial-heading\">Fr\u00e9d\u00e9ric Pascal<\/h3><div data-infinite-loop=\"false\"   class=\"wpmtst-testimonial-content testimonial-content\"><div class=\"wpmtst-testimonial-image testimonial-image\"><img loading=\"lazy\" decoding=\"async\" width=\"124\" height=\"113\" src=\"https:\/\/www.contentologue.com\/formations\/wp-content\/uploads\/2020\/04\/Fred\u00e9ric-Pascal.jpg\" class=\"attachment-thumbnail size-thumbnail wp-post-image\" alt=\"Fred\u00e9ric Pascal\" \/><\/div><div class=\"maybe-clear\"><\/div><div class=\"testimonial_rotator_quote\"><div>J&rsquo;appr\u00e9cie particuli\u00e8rement les exercices du carnet cr\u00e9atif propos\u00e9s par Sophie. Ces exercices sont \u00e0 la fois divertissants, int\u00e9ressants et permettent de stimuler la cr\u00e9ativit\u00e9. Je m&rsquo;aper\u00e7ois des effets sur les id\u00e9es que je peux avoir. Elles sont beaucoup plus riches, vari\u00e9es et d\u00e9bordent souvent du cadre!<\/div><div>Je recommande ce carnet, comme d&rsquo;ailleurs les autres contenus propos\u00e9s par Sophie.<\/div><\/div><div class=\"testimonial_rotator_author_info cf-tr\"><p>&nbsp;<\/p><\/div><\/div><div class=\"clear\"><\/div><\/div><\/div><div class=\"wpmtst-testimonial testimonial t-slide post-30840\"><div class=\"wpmtst-testimonial-inner testimonial-inner\"><h3 class=\"wpmtst-testimonial-heading testimonial-heading\">Marie<\/h3><div data-infinite-loop=\"false\"   class=\"wpmtst-testimonial-content testimonial-content\"><div class=\"wpmtst-testimonial-image testimonial-image\"><img loading=\"lazy\" decoding=\"async\" width=\"150\" height=\"150\" src=\"https:\/\/www.contentologue.com\/formations\/wp-content\/uploads\/2018\/08\/Marie-Boisseau-150x150.jpg\" class=\"attachment-thumbnail size-thumbnail wp-post-image\" alt=\"Marie Boisseau\" srcset=\"https:\/\/www.contentologue.com\/formations\/wp-content\/uploads\/2018\/08\/Marie-Boisseau-150x150.jpg 150w, https:\/\/www.contentologue.com\/formations\/wp-content\/uploads\/2018\/08\/Marie-Boisseau-300x300.jpg 300w, https:\/\/www.contentologue.com\/formations\/wp-content\/uploads\/2018\/08\/Marie-Boisseau-75x75.jpg 75w, https:\/\/www.contentologue.com\/formations\/wp-content\/uploads\/2018\/08\/Marie-Boisseau.jpg 466w\" sizes=\"auto, (max-width: 150px) 100vw, 150px\" \/><\/div><div class=\"maybe-clear\"><\/div><p>La formation Mon Carnet cr\u00e9atif m\u2019a beaucoup plu ! Les modules sont tr\u00e8s amusants et originaux. J\u2019ai pris plaisir \u00e0 les faire car ils sont simples d\u2019acc\u00e8s et aident \u00e0 penser diff\u00e9remment, de mani\u00e8re plus cr\u00e9ative. C\u2019est id\u00e9al pour moi car je cherche \u00e0 d\u00e9velopper ma cr\u00e9ativit\u00e9, notamment dans l\u2019\u00e9criture, et la formation m\u2019a donn\u00e9 de nombreuses nouvelles id\u00e9es et astuces tr\u00e8s utiles ! Je la recommande vivement \ud83d\ude0a<\/p><\/div><div class=\"wpmtst-testimonial-field testimonial-field testimonial-name\">Marie Boisseau<\/div><div class=\"wpmtst-testimonial-field testimonial-field testimonial-company\">Formatrice et coach<\/div><div class=\"clear\"><\/div><\/div><\/div><div class=\"wpmtst-testimonial testimonial t-slide post-36299\"><div class=\"wpmtst-testimonial-inner testimonial-inner\"><h3 class=\"wpmtst-testimonial-heading testimonial-heading\">Mich\u00e8le B.B.<\/h3><div data-infinite-loop=\"false\"   class=\"wpmtst-testimonial-content testimonial-content\"><div class=\"wpmtst-testimonial-image testimonial-image\"><img loading=\"lazy\" decoding=\"async\" width=\"125\" height=\"121\" src=\"https:\/\/www.contentologue.com\/formations\/wp-content\/uploads\/2018\/09\/Mich\u00e8le.jpg\" class=\"attachment-thumbnail size-thumbnail wp-post-image\" alt=\"Mich\u00e8le\" \/><\/div><div class=\"maybe-clear\"><\/div><div class=\"testimonial_rotator_quote\"><p>Se connecter chaque jour \u00e0 soi-m\u00eame. Oser avancer vers soi pour s\u2019ouvrir aux autres. S\u2019amuser dans des exercices ludiques, cr\u00e9atifs pour semer dans son \u00e9criture une graine d\u2019\u00e9crivain &#8230;..<\/p><p>C\u2019est cela que nous offre Le Carnet Cr\u00e9atif de Sophie. J\u2019ADORE, \u00e7a r\u00e9pond \u00e0 mes attentes.<br \/>\nDepuis que j\u2019ai ouvert le premier exercice, chaque matin j\u2019ai soif d\u2019en savoir plus, d\u2019en faire plus..Ca fuse, \u00e7a remue, \u00e7a cogite et mon imagination devient plus fertile.<\/p><p>Et je vous conseille d\u2019oser commenter apr\u00e8s chacune de vos cr\u00e9ations quotidiennes car c\u2019est de l\u2019\u00e9nergie en commun qui circule comme une nourriture \u00e0 partager.<\/p><p>En un mot je dirais: \u00ab c\u2019est G\u00c9NIAL \u00bb<\/p><\/div><div class=\"testimonial_rotator_author_info cf-tr\"><p>&nbsp;<\/p><\/div><\/div><div class=\"wpmtst-testimonial-field testimonial-field testimonial-name\">Mich\u00e8le B.B.<\/div><div class=\"clear\"><\/div><\/div><\/div><div class=\"wpmtst-testimonial testimonial t-slide post-36296\"><div class=\"wpmtst-testimonial-inner testimonial-inner\"><h3 class=\"wpmtst-testimonial-heading testimonial-heading\">Une rencontre. Par le bouche \u00e0 oreille. Un cadeau.\ud83c\udf81<\/h3><div data-infinite-loop=\"false\"   class=\"wpmtst-testimonial-content testimonial-content\"><div class=\"wpmtst-testimonial-image testimonial-image\"><img loading=\"lazy\" decoding=\"async\" width=\"150\" height=\"150\" src=\"https:\/\/www.contentologue.com\/formations\/wp-content\/uploads\/2018\/08\/B\u00e9n\u00e9dicte-150x150.jpg\" class=\"attachment-thumbnail size-thumbnail wp-post-image\" alt=\"B\u00e9n\u00e9dicte Heughebaert\" srcset=\"https:\/\/www.contentologue.com\/formations\/wp-content\/uploads\/2018\/08\/B\u00e9n\u00e9dicte-150x150.jpg 150w, https:\/\/www.contentologue.com\/formations\/wp-content\/uploads\/2018\/08\/B\u00e9n\u00e9dicte-300x300.jpg 300w, https:\/\/www.contentologue.com\/formations\/wp-content\/uploads\/2018\/08\/B\u00e9n\u00e9dicte-768x768.jpg 768w, https:\/\/www.contentologue.com\/formations\/wp-content\/uploads\/2018\/08\/B\u00e9n\u00e9dicte.jpg 960w\" sizes=\"auto, (max-width: 150px) 100vw, 150px\" \/><\/div><div class=\"maybe-clear\"><\/div><div class=\"testimonial_rotator_quote\"><p>Rien n&rsquo;arrive par hasard \ud83d\ude09 Depuis 10 ans, je d\u00e9veloppe mon activit\u00e9 dans le but d&rsquo;accompagner des personnes \u00e0 se r\u00e9aliser, \u00e0 vivre mieux, \u00e0 prot\u00e9ger notre belle plan\u00e8te en utilisant des produits sains et des finances saines. Pour se faire, je me forme via diverses lectures, vid\u00e9os, s\u00e9minaires. Je suis donc en chemin.<\/p><p>Un jour, la vie m&rsquo;offre cette rencontre avec Sophie.\ud83d\udc83\ud83e\udd1d<\/p><p>Je suis s\u00e9duite par cette cascade dynamique d&rsquo;exercices concrets, diff\u00e9rents &amp; cr\u00e9atifs qui boostent ma capacit\u00e9 \u00e0 devenir encore plus moi, \u00e0 \u00eatre une blogueuse unique et \u00e9thique. Chacun d&rsquo;entre nous devrait vivre ce cheminement! Une belle opportunit\u00e9 pour devenir une meilleure version de soi-m\u00eame et aller vers le succ\u00e8s.<\/p><p>Merci Sophie! \u2764\ufe0f\u2764\ufe0f\u2764\ufe0f<\/p><\/div><\/div><div class=\"wpmtst-testimonial-field testimonial-field testimonial-name\">B\u00e9n\u00e9dicte Heughebaert<\/div><div class=\"wpmtst-testimonial-field testimonial-field testimonial-company\"><a href=\"https:\/\/www.facebook.com\/groups\/298209827276004\/\" target=\"_blank\" rel=\" noopener noreferrer\">Liveclean by B\u00e9n\u00e9dicte<\/a><\/div><div class=\"wpmtst-testimonial-field testimonial-field \"><a href=\"https:\/\/www.facebook.com\/groups\/298209827276004\/\" rel=\" noopener noreferrer\">https:\/\/www.facebook.com\/groups\/298209827276004\/<\/a><\/div><div class=\"clear\"><\/div><\/div><\/div><div class=\"wpmtst-testimonial testimonial t-slide post-36300\"><div class=\"wpmtst-testimonial-inner testimonial-inner\"><h3 class=\"wpmtst-testimonial-heading testimonial-heading\">Marie Des<\/h3><div data-infinite-loop=\"false\"   class=\"wpmtst-testimonial-content testimonial-content\"><div class=\"wpmtst-testimonial-image testimonial-image\"><img loading=\"lazy\" decoding=\"async\" width=\"150\" height=\"150\" src=\"https:\/\/www.contentologue.com\/formations\/wp-content\/uploads\/2018\/08\/Marie-Des-Explorafee-150x150.jpg\" class=\"attachment-thumbnail size-thumbnail wp-post-image\" alt=\"Marie Des Explorafee\" srcset=\"https:\/\/www.contentologue.com\/formations\/wp-content\/uploads\/2018\/08\/Marie-Des-Explorafee-150x150.jpg 150w, https:\/\/www.contentologue.com\/formations\/wp-content\/uploads\/2018\/08\/Marie-Des-Explorafee-300x300.jpg 300w, https:\/\/www.contentologue.com\/formations\/wp-content\/uploads\/2018\/08\/Marie-Des-Explorafee-768x767.jpg 768w, https:\/\/www.contentologue.com\/formations\/wp-content\/uploads\/2018\/08\/Marie-Des-Explorafee.jpg 800w\" sizes=\"auto, (max-width: 150px) 100vw, 150px\" \/><\/div><div class=\"maybe-clear\"><\/div><div class=\"reviewer\">Pour mon m\u00e9tier de praticienne en hypnose, je passe la majeure partie de mon temps \u00e0 \u00e9crire des histoires. Je suis donc toujours \u00e0 la recherche d\u2019exercices ou de bonnes pratiques me permettant de d\u00e9velopper encore et toujours ma cr\u00e9ativit\u00e9. C\u2019est ce que j\u2019ai trouv\u00e9 dans le \u00ab carnet cr\u00e9atif \u00bb propos\u00e9 par Sophie.<\/div><div><\/div><div class=\"reviewer\">Chaque matin, je d\u00e9couvrais un nouvel exercice et si le coeur y \u00e9tait, je le mettais en pratique ou je le gardais pour plus tard si je n\u2019\u00e9tais pas d\u2019humeur ou n\u2019avais pas le temps. J\u2019aime le fait de pouvoir me connecter quand je le souhaite sur une plateforme claire et organis\u00e9e et de pouvoir y piocher ce que je souhaite au gr\u00e9 de mes envies.<\/div><div><\/div><div class=\"reviewer\">Les exercices sont vari\u00e9s et ludiques. Il y en a pour tous les go\u00fbts. Et comme toujours avec le travail de Sophie, tout est bien pens\u00e9 et de qualit\u00e9. Bref, je suis ravie de ce carnet cr\u00e9atif en ligne.<\/div><\/div><div class=\"clear\"><\/div><\/div><\/div><div class=\"wpmtst-testimonial testimonial t-slide post-36298\"><div class=\"wpmtst-testimonial-inner testimonial-inner\"><h3 class=\"wpmtst-testimonial-heading testimonial-heading\">Natacha Briault<\/h3><div data-infinite-loop=\"false\"   class=\"wpmtst-testimonial-content testimonial-content\"><div class=\"wpmtst-testimonial-image testimonial-image\"><img loading=\"lazy\" decoding=\"async\" width=\"150\" height=\"150\" src=\"https:\/\/www.contentologue.com\/formations\/wp-content\/uploads\/2021\/02\/NatachaBriault-150x150.jpg\" class=\"attachment-thumbnail size-thumbnail wp-post-image\" alt=\"Natacha Briault\" \/><\/div><div class=\"maybe-clear\"><\/div><p>Pour \u00e9crire, il me manquait de la technique, de la confiance en moi, de l&rsquo;imagination, gr\u00e2ce aux nombreux exercices propos\u00e9s par Sophie, je travaille sur mes points faibles tout en m&rsquo;amusant.<\/p><p>Certains exercices d&rsquo;\u00e9criture font r\u00e9fl\u00e9chir, imaginer, travailler le vocabulaire, d&rsquo;autres, qui sont plus des \u00ab\u00a0le\u00e7ons\u00a0\u00bb m&rsquo;ont permis de mettre des mots sur mes blocages, me rendre compte que finalement j&rsquo;ai raison de persister dans mon envie d&rsquo;\u00e9crire car avec de l&rsquo;entrainement et des conseils je progresse, je crois en moi et j&rsquo;ai os\u00e9 publier mes premi\u00e8res nouvelles !<\/p><p>J&rsquo;ai constat\u00e9 en cheminant dans le carnet que je pouvais ouvrir mon esprit \u00e0 d&rsquo;autres style que les romans, les nouvelles, sans en faire ma sp\u00e9cialit\u00e9 j&rsquo;apprends aussi par l&rsquo;\u00e9criture de chanson, po\u00e8me, ha\u00efku \u2026 tout est pr\u00e9texte \u00e0 prendre la plume&#8230;le clavier !!!<\/p><p>De plus les explications de Sophie sont toujours claires avec une note d&rsquo;humour \u00e0 chaque fois, tous ces textes sont agr\u00e9ables \u00e0 lire, pas du tout r\u00e9barbatif !<\/p><p>Ce carnet c&rsquo;est apprendre en restant zen et pour le prouver les exercices d&rsquo;\u00e9criture, d&rsquo;imagination sont accompagn\u00e9s d&rsquo;exercices de d\u00e9tente, de l\u00e2cher-prise parce qu&rsquo;il faut aussi laisser le temps au cerveau d&rsquo;assimiler et savoir prendre soin de soi pour que le meilleur ensuite en ressorte !<\/p><\/div><div class=\"wpmtst-testimonial-field testimonial-field testimonial-name\">Natacha Briault<\/div><div class=\"wpmtst-testimonial-field testimonial-field testimonial-company\"><a href=\"https:\/\/short-edition.com\/fr\/auteur\/natacha-briault\" target=\"_blank\" rel=\" noopener noreferrer\">Les nouvelles de Natacha<\/a><\/div><div class=\"wpmtst-testimonial-field testimonial-field \"><a href=\"https:\/\/short-edition.com\/fr\/auteur\/natacha-briault\" rel=\" noopener noreferrer\">https:\/\/short-edition.com\/fr\/auteur\/natacha-briault<\/a><\/div><div class=\"clear\"><\/div><\/div><\/div><\/div><\/div>\n<p>&nbsp;<\/p>\n<h3 style=\"text-align: center;\"><span style=\"color: #ff9900;\"><a style=\"color: #ff9900;\" href=\"https:\/\/www.contentologue.com\/formations\/acces-au-carnet-creatif\/\">Acc\u00e9der \u00e0 Mon Carnet Cr\u00e9atif<\/a><\/span><\/h3>\n<hr \/>\n<h4><span style=\"font-family: rock-salt; font-size: 14pt; color: #333333;\">FAQ<\/span><\/h4>\n<p><strong><span style=\"font-size: 14pt;\">Dois-je suivre les exercices dans l'ordre ?<\/span><\/strong><\/p>\n<p>Mon Carnet Cr\u00e9atif se pr\u00e9sente comme un <span style=\"color: #339966;\"><strong>buffet \u00e0 volont\u00e9<\/strong><\/span>, dans lequel on va piocher ce qui nous pla\u00eet. Les exercices sont class\u00e9s par cat\u00e9gories, afin de vous concentrer sur l'une ou l'autre \u00e0 des moments appropri\u00e9s de votre vie.<\/p>\n<p>Les personnes qui pr\u00e9f\u00e8rent \u00eatre guid\u00e9e avec une v\u00e9ritable strat\u00e9gie ne seront pas pour autant d\u00e9stabilis\u00e9es : Je poste pour elles les exercices dans un ordre privil\u00e9giant une \u00e9volution progressive. Si vous souhaitez suivre les exercices dans l'ordre, vous aurez acc\u00e8s \u00e0 une v\u00e9ritable d\u00e9marche guid\u00e9e.<\/p>\n<p><strong><span style=\"font-size: 14pt;\">Est-ce adapt\u00e9 \u00e0 tous les niveaux ?<\/span><\/strong><\/p>\n<p>Il y a plusieurs niveaux de difficult\u00e9 dans les exercices, mais la grande majorit\u00e9 de ceux-ci sont adapt\u00e9s \u00e0 tout le monde. Si un exercice vous semble un peu plus dur, commencez par un exercice plus facile (Je posterai toujours les exercices d'une certaine cat\u00e9gorie par ordre de difficult\u00e9 croissante.)<\/p>\n<p><span style=\"font-size: 14pt;\"><strong>Combien de temps vont me prendre les exercices chaque jour ?<\/strong><\/span><\/p>\n<p>Les exercices peuvent prendre 15mn \u00e0 1h, selon votre envie et votre motivation. Vous pouvez tr\u00e8s bien d\u00e9cider de prolonger l'aventure et d'y passer la journ\u00e9e, ou bien le faire rapidement et passer \u00e0 autre chose. Certains exercices proposent des programmes pour le long terme ou des id\u00e9es \u00e0 appliquer pendant quelques jours.<\/p>\n","protected":false},"excerpt":{"rendered":"<p>Mon carnet cr\u00e9atif Le carnet cr\u00e9atif pour les \u00e9crivains \u00a0300&hellip;<\/p>\n<p> <a class=\"more-link\" href=\"https:\/\/www.contentologue.com\/formations\/mon-carnet-creatif\/\">Read more<\/a><\/p>\n","protected":false},"author":1,"featured_media":0,"parent":0,"menu_order":0,"comment_status":"closed","ping_status":"closed","template":"","meta":{"footnotes":""},"class_list":["post-30751","page","type-page","status-publish"],"_links":{"self":[{"href":"https:\/\/www.contentologue.com\/formations\/wp-json\/wp\/v2\/pages\/30751","targetHints":{"allow":["GET"]}}],"collection":[{"href":"https:\/\/www.contentologue.com\/formations\/wp-json\/wp\/v2\/pages"}],"about":[{"href":"https:\/\/www.contentologue.com\/formations\/wp-json\/wp\/v2\/types\/page"}],"author":[{"embeddable":true,"href":"https:\/\/www.contentologue.com\/formations\/wp-json\/wp\/v2\/users\/1"}],"replies":[{"embeddable":true,"href":"https:\/\/www.contentologue.com\/formations\/wp-json\/wp\/v2\/comments?post=30751"}],"version-history":[{"count":0,"href":"https:\/\/www.contentologue.com\/formations\/wp-json\/wp\/v2\/pages\/30751\/revisions"}],"wp:attachment":[{"href":"https:\/\/www.contentologue.com\/formations\/wp-json\/wp\/v2\/media?parent=30751"}],"curies":[{"name":"wp","href":"https:\/\/api.w.org\/{rel}","templated":true}]}}