{"id":36500,"date":"2025-01-05T13:37:39","date_gmt":"2025-01-05T12:37:39","guid":{"rendered":"https:\/\/www.contentologue.com\/formations\/?page_id=36500"},"modified":"2025-11-30T15:28:22","modified_gmt":"2025-11-30T14:28:22","slug":"acces-pack-mini-formations","status":"publish","type":"page","link":"https:\/\/www.contentologue.com\/formations\/acces-pack-mini-formations\/","title":{"rendered":"Acc\u00e8s pack mini formations"},"content":{"rendered":"<p>L\u2019offre a expir\u00e9. Acc\u00e9dez quand m\u00eame au pack \u00e0 -30 % en vous inscrivant sur <a href=\"https:\/\/www.contentologue.com\/formations\/wp-login.php?action=register\">Contentologue Formations<\/a> et recevez 5 quiz d\u2019\u00e9crivains.<\/p>\n\n","protected":false},"excerpt":{"rendered":"L\u2019offre a expir\u00e9. Acc\u00e9dez quand m\u00eame au pack \u00e0 -30&hellip;\r\n <p> <a class=\"more-link\" href=\"https:\/\/www.contentologue.com\/formations\/acces-pack-mini-formations\/\">Read more<\/a><\/p>","protected":false},"author":1,"featured_media":0,"parent":0,"menu_order":0,"comment_status":"closed","ping_status":"closed","template":"","meta":{"footnotes":""},"class_list":["post-36500","page","type-page","status-publish"],"_links":{"self":[{"href":"https:\/\/www.contentologue.com\/formations\/wp-json\/wp\/v2\/pages\/36500","targetHints":{"allow":["GET"]}}],"collection":[{"href":"https:\/\/www.contentologue.com\/formations\/wp-json\/wp\/v2\/pages"}],"about":[{"href":"https:\/\/www.contentologue.com\/formations\/wp-json\/wp\/v2\/types\/page"}],"author":[{"embeddable":true,"href":"https:\/\/www.contentologue.com\/formations\/wp-json\/wp\/v2\/users\/1"}],"replies":[{"embeddable":true,"href":"https:\/\/www.contentologue.com\/formations\/wp-json\/wp\/v2\/comments?post=36500"}],"version-history":[{"count":0,"href":"https:\/\/www.contentologue.com\/formations\/wp-json\/wp\/v2\/pages\/36500\/revisions"}],"wp:attachment":[{"href":"https:\/\/www.contentologue.com\/formations\/wp-json\/wp\/v2\/media?parent=36500"}],"curies":[{"name":"wp","href":"https:\/\/api.w.org\/{rel}","templated":true}]}}