{"id":36520,"date":"2025-01-27T16:51:02","date_gmt":"2025-01-27T15:51:02","guid":{"rendered":"https:\/\/www.contentologue.com\/formations\/?page_id=36520"},"modified":"2026-03-25T23:19:51","modified_gmt":"2026-03-25T22:19:51","slug":"ateliernouvelle","status":"publish","type":"page","link":"https:\/\/www.contentologue.com\/formations\/ateliernouvelle\/","title":{"rendered":"Atelier Nouvelle"},"content":{"rendered":"<h2 style=\"text-align: center;\"><strong><img loading=\"lazy\" decoding=\"async\" class=\"wp-image-36524 aligncenter\" src=\"http:\/\/www.contentologue.com\/formations\/wp-content\/uploads\/2025\/01\/Atelierpremierjet.jpg\" alt=\"\" width=\"571\" height=\"571\" srcset=\"https:\/\/www.contentologue.com\/formations\/wp-content\/uploads\/2025\/01\/Atelierpremierjet.jpg 1024w, https:\/\/www.contentologue.com\/formations\/wp-content\/uploads\/2025\/01\/Atelierpremierjet-300x300.jpg 300w, https:\/\/www.contentologue.com\/formations\/wp-content\/uploads\/2025\/01\/Atelierpremierjet-150x150.jpg 150w, https:\/\/www.contentologue.com\/formations\/wp-content\/uploads\/2025\/01\/Atelierpremierjet-768x768.jpg 768w, https:\/\/www.contentologue.com\/formations\/wp-content\/uploads\/2025\/01\/Atelierpremierjet-75x75.jpg 75w, https:\/\/www.contentologue.com\/formations\/wp-content\/uploads\/2025\/01\/Atelierpremierjet-24x24.jpg 24w, https:\/\/www.contentologue.com\/formations\/wp-content\/uploads\/2025\/01\/Atelierpremierjet-48x48.jpg 48w, https:\/\/www.contentologue.com\/formations\/wp-content\/uploads\/2025\/01\/Atelierpremierjet-96x96.jpg 96w\" sizes=\"auto, (max-width: 571px) 100vw, 571px\" \/><\/strong><\/h2>\n<h2 style=\"text-align: center;\"><strong>\u00c9crivez une nouvelle \u00e0 chute en 2H30 \u270d\ufe0f<\/strong><\/h2>\n<h3 style=\"text-align: center;\"><em>Un atelier guid\u00e9 pour \u00e9crire un premier jet de nouvelle captivante.<\/em><\/h3>\n<p style=\"text-align: center;\"><span style=\"color: #144b5c;\"><strong>Une soir\u00e9e immersive pour pratiquer et progresser. Repartez avec votre premier jet !<\/strong><\/span><\/p>\n<hr \/>\n<h3><strong>Pourquoi participer ?<\/strong><\/h3>\n<p><em>Avez-vous toujours r\u00eav\u00e9 d\u2019\u00e9crire une nouvelle mais ne saviez pas par o\u00f9 commencer ? Cet atelier est fait pour vous ! Que vous soyez d\u00e9butant ou d\u00e9j\u00e0 \u00e0 l\u2019aise avec l\u2019\u00e9criture, je vous guiderai pour :<\/em><\/p>\n<p style=\"padding-left: 40px;\">\ud83c\udfdb\ufe0f Structurer une nouvelle, \u00e9tape par \u00e9tape.<\/p>\n<p style=\"padding-left: 40px;\">\ud83d\udd2e Cr\u00e9er une histoire captivante avec une chute m\u00e9morable.<\/p>\n<p style=\"padding-left: 40px;\">\u2712\ufe0f \u00c9crire un premier jet complet sur le sujet de votre choix.<\/p>\n<p style=\"padding-left: 40px;\">\ud83d\ude80 Progresser gr\u00e2ce \u00e0 une m\u00e9thode claire et des conseils en direct.<\/p>\n<hr \/>\n<h3><strong>Ce que vous allez vivre durant l\u2019atelier<\/strong><\/h3>\n<p><strong>\ud83d\udcc5 Date :<\/strong> Vendredi 27 mars 2026<br \/>\n<strong>\ud83d\udd57 Horaire :<\/strong> 20h \u00e0 22h30 (dur\u00e9e totale : 2h30)<br \/>\n<strong>\ud83d\udccd O\u00f9 :<\/strong> En ligne, via Discord (lien envoy\u00e9 par e-mail et dans votre espace membre)<br \/>\n<strong>\ud83d\udc65 Participants :<\/strong> Max 20 personnes<\/p>\n<p><strong>Programme :<\/strong><\/p>\n<ol>\n<li>Introduction et pr\u00e9paration \u2013 50mn<\/li>\n<li>Temps d\u2019\u00e9criture guid\u00e9, \u00e9tape par \u00e9tape \u2013 1h30<\/li>\n<li>Conseils pour la r\u00e9\u00e9criture \u2013 10 min. Conseils de lecture.<\/li>\n<\/ol>\n<p>Des conseils clairs en d\u00e9but de session, du temps pour \u00e9crire tandis que je reste \u00e0 votre disposition pour des questions tout au long de l'atelier. \u00c0 la fin, je vous donne des indications tr\u00e8s sp\u00e9cifiques pour une r\u00e9\u00e9criture facile et pratique, ainsi qu'une liste de nouvelles \u00e0 chute efficaces afin de vous inspirer.<\/p>\n<hr \/>\n<h3><strong><img loading=\"lazy\" decoding=\"async\" class=\"alignleft wp-image-36887\" src=\"http:\/\/www.contentologue.com\/formations\/wp-content\/uploads\/2021\/11\/Photoprofilsophiegauthier-253x300.png\" alt=\"\" width=\"151\" height=\"179\" srcset=\"https:\/\/www.contentologue.com\/formations\/wp-content\/uploads\/2021\/11\/Photoprofilsophiegauthier-253x300.png 253w, https:\/\/www.contentologue.com\/formations\/wp-content\/uploads\/2021\/11\/Photoprofilsophiegauthier-768x912.png 768w, https:\/\/www.contentologue.com\/formations\/wp-content\/uploads\/2021\/11\/Photoprofilsophiegauthier.png 800w\" sizes=\"auto, (max-width: 151px) 100vw, 151px\" \/>Qui suis-je ?<\/strong><\/h3>\n<p>Je suis <strong>Sophie Gauthier<\/strong>, p\u00e9dagogue d\u2019\u00e9criture sur contentologue.com,<a href=\"https:\/\/editions-anagnorisis.com\/boutique\/\"> auteure de nouvelles<\/a> et responsable des <a href=\"https:\/\/editions-anagnorisis.com\/\">\u00c9ditions Anagnorisis<\/a>, sp\u00e9cialis\u00e9e dans les publications de fictions \u00e0 chute \u00e9tonnante. Avec plusieurs ann\u00e9es d\u2019exp\u00e9rience, j\u2019ai aid\u00e9 des dizaines de passionn\u00e9s \u00e0 \u00e9crire leurs propres histoires.<\/p>\n<p>Mon objectif ? Vous transmettre des outils simples et efficaces pour que vous puissiez, vous aussi, donner vie \u00e0 vos id\u00e9es et \u00e9crire des r\u00e9cits percutants.<\/p>\n<p>&nbsp;<\/p>\n<hr \/>\n<h3><strong>Les t\u00e9moignages des participants aux ateliers :<\/strong><\/h3>\n<div class=\"strong-view strong-view-id-2 default wpmtst-default slider-container carousel slider-mode-horizontal slider-adaptive controls-type-sides-outside controls-style-buttons pager-type-full pager-style-buttons nav-position-outside\" data-count=\"6\" data-slider-var=\"strong_slider_id_2\" data-state=\"idle\"><div class=\"strong-content wpmslider-content\"><div class=\"wpmtst-testimonial testimonial t-slide post-36742\"><div class=\"wpmtst-testimonial-inner testimonial-inner\"><h3 class=\"wpmtst-testimonial-heading testimonial-heading\">Jess Anghell<\/h3><div data-infinite-loop=\"false\"   class=\"wpmtst-testimonial-content testimonial-content\"><div class=\"wpmtst-testimonial-image testimonial-image\"><img loading=\"lazy\" decoding=\"async\" width=\"150\" height=\"150\" src=\"https:\/\/www.contentologue.com\/formations\/wp-content\/uploads\/2025\/03\/IMG_6385-150x150.png\" class=\"attachment-thumbnail size-thumbnail wp-post-image\" alt=\"\" srcset=\"https:\/\/www.contentologue.com\/formations\/wp-content\/uploads\/2025\/03\/IMG_6385-150x150.png 150w, https:\/\/www.contentologue.com\/formations\/wp-content\/uploads\/2025\/03\/IMG_6385-75x75.png 75w, https:\/\/www.contentologue.com\/formations\/wp-content\/uploads\/2025\/03\/IMG_6385-24x24.png 24w, https:\/\/www.contentologue.com\/formations\/wp-content\/uploads\/2025\/03\/IMG_6385-48x48.png 48w, https:\/\/www.contentologue.com\/formations\/wp-content\/uploads\/2025\/03\/IMG_6385-96x96.png 96w, https:\/\/www.contentologue.com\/formations\/wp-content\/uploads\/2025\/03\/IMG_6385-300x300.png 300w\" sizes=\"auto, (max-width: 150px) 100vw, 150px\" \/><\/div><div class=\"maybe-clear\"><\/div><p>Merci Sophie, pour ces pr\u00e9cieux conseils sur l&rsquo;\u00e9criture d&rsquo;une nouvelle. Je cherchais \u00e0 comprendre comment bien faire une chute, point n\u00e9vralgique de la nouvelle, et \u00e0 donner du sens \u00e0 l&rsquo;histoire que je souhaitais raconter. Gr\u00e2ce \u00e0 cet atelier, j&rsquo;ai pu comprendre ce qui faisait l&rsquo;essence de la nouvelle. Alors si comme moi, vous souhaitez enrichir vos connaissances et mieux maitriser les outils d&rsquo;aide \u00e0 l&rsquo;\u00e9criture de la nouvelle, cette formation devrait vous plaire !<\/p><\/div><div class=\"clear\"><\/div><\/div><\/div><div class=\"wpmtst-testimonial testimonial t-slide post-36533\"><div class=\"wpmtst-testimonial-inner testimonial-inner\"><h3 class=\"wpmtst-testimonial-heading testimonial-heading\">Cerise<\/h3><div data-infinite-loop=\"false\"   class=\"wpmtst-testimonial-content testimonial-content\"><div class=\"wpmtst-testimonial-image testimonial-image\"><img loading=\"lazy\" decoding=\"async\" width=\"150\" height=\"150\" src=\"https:\/\/www.contentologue.com\/formations\/wp-content\/uploads\/2025\/01\/cerise-150x150.jpg\" class=\"attachment-thumbnail size-thumbnail wp-post-image\" alt=\"\" srcset=\"https:\/\/www.contentologue.com\/formations\/wp-content\/uploads\/2025\/01\/cerise-150x150.jpg 150w, https:\/\/www.contentologue.com\/formations\/wp-content\/uploads\/2025\/01\/cerise-75x75.jpg 75w, https:\/\/www.contentologue.com\/formations\/wp-content\/uploads\/2025\/01\/cerise-24x24.jpg 24w, https:\/\/www.contentologue.com\/formations\/wp-content\/uploads\/2025\/01\/cerise-48x48.jpg 48w, https:\/\/www.contentologue.com\/formations\/wp-content\/uploads\/2025\/01\/cerise-96x96.jpg 96w, https:\/\/www.contentologue.com\/formations\/wp-content\/uploads\/2025\/01\/cerise-300x300.jpg 300w\" sizes=\"auto, (max-width: 150px) 100vw, 150px\" \/><\/div><div class=\"maybe-clear\"><\/div><p>L\u2019atelier \u00ab\u00a0\u00e9criture de nouvelle\u00a0\u00bb m\u2019a permis d\u2019\u00e9crire des nouvelles tout simplement. Sur le temps de l\u2019atelier, j\u2019ai trouv\u00e9 tous \u00e9l\u00e9ments de mon histoire, ainsi que la mani\u00e8re de les agencer. Cet atelier apporte technique, m\u00e9thode et pratique. Des conseils individuels au besoin. Exactement ce qu\u2019il me fallait. Merci Sophie.<\/p><\/div><div class=\"clear\"><\/div><\/div><\/div><div class=\"wpmtst-testimonial testimonial t-slide post-36732\"><div class=\"wpmtst-testimonial-inner testimonial-inner\"><h3 class=\"wpmtst-testimonial-heading testimonial-heading\">Catherine<\/h3><div data-infinite-loop=\"false\"   class=\"wpmtst-testimonial-content testimonial-content\"><div class=\"wpmtst-testimonial-image testimonial-image\"><img loading=\"lazy\" decoding=\"async\" width=\"150\" height=\"150\" src=\"https:\/\/www.contentologue.com\/formations\/wp-content\/uploads\/2025\/03\/Photo_Cath-150x150.jpg\" class=\"attachment-thumbnail size-thumbnail wp-post-image\" alt=\"\" srcset=\"https:\/\/www.contentologue.com\/formations\/wp-content\/uploads\/2025\/03\/Photo_Cath-150x150.jpg 150w, https:\/\/www.contentologue.com\/formations\/wp-content\/uploads\/2025\/03\/Photo_Cath-75x75.jpg 75w, https:\/\/www.contentologue.com\/formations\/wp-content\/uploads\/2025\/03\/Photo_Cath-24x24.jpg 24w, https:\/\/www.contentologue.com\/formations\/wp-content\/uploads\/2025\/03\/Photo_Cath-48x48.jpg 48w, https:\/\/www.contentologue.com\/formations\/wp-content\/uploads\/2025\/03\/Photo_Cath-96x96.jpg 96w, https:\/\/www.contentologue.com\/formations\/wp-content\/uploads\/2025\/03\/Photo_Cath-300x300.jpg 300w\" sizes=\"auto, (max-width: 150px) 100vw, 150px\" \/><\/div><div class=\"maybe-clear\"><\/div><p>Je ne lis pas beaucoup de nouvelles, et je manquais donc cruellement de rep\u00e8res. Mais au cours de l&rsquo;atelier, Sophie nous a donn\u00e9 les codes de ce type d&rsquo;\u00e9crits et nous a accompagn\u00e9s pas \u00e0 pas dans la construction d&rsquo;une nouvelle. A la fin de l&rsquo;atelier, ma nouvelle n&rsquo;\u00e9tait pas \u00e9crite, mais les bases \u00e9taient plant\u00e9es, et les conseils de Sophie m&rsquo;ont permis de poursuivre en autonomie. J&rsquo;ai \u00e9crit ma 1\u00e8re nouvelle : merci Sophie ! L&rsquo;exercice \u00e9tait tr\u00e8s int\u00e9ressant, et j&rsquo;ai pass\u00e9 une tr\u00e8s bonne soir\u00e9e, dans une ambiance conviviale.<\/p><\/div><div class=\"clear\"><\/div><\/div><\/div><div class=\"wpmtst-testimonial testimonial t-slide post-36528\"><div class=\"wpmtst-testimonial-inner testimonial-inner\"><h3 class=\"wpmtst-testimonial-heading testimonial-heading\">Marion<\/h3><div data-infinite-loop=\"false\"   class=\"wpmtst-testimonial-content testimonial-content\"><div class=\"wpmtst-testimonial-image testimonial-image\"><img loading=\"lazy\" decoding=\"async\" width=\"150\" height=\"150\" src=\"https:\/\/www.contentologue.com\/formations\/wp-content\/uploads\/2025\/01\/Marion-150x150.jpg\" class=\"attachment-thumbnail size-thumbnail wp-post-image\" alt=\"\" srcset=\"https:\/\/www.contentologue.com\/formations\/wp-content\/uploads\/2025\/01\/Marion-150x150.jpg 150w, https:\/\/www.contentologue.com\/formations\/wp-content\/uploads\/2025\/01\/Marion-75x75.jpg 75w, https:\/\/www.contentologue.com\/formations\/wp-content\/uploads\/2025\/01\/Marion-24x24.jpg 24w, https:\/\/www.contentologue.com\/formations\/wp-content\/uploads\/2025\/01\/Marion-48x48.jpg 48w, https:\/\/www.contentologue.com\/formations\/wp-content\/uploads\/2025\/01\/Marion-96x96.jpg 96w, https:\/\/www.contentologue.com\/formations\/wp-content\/uploads\/2025\/01\/Marion-300x300.jpg 300w\" sizes=\"auto, (max-width: 150px) 100vw, 150px\" \/><\/div><div class=\"maybe-clear\"><\/div><p>Apr\u00e8s plusieurs ann\u00e9es \u00e0 suivre timidement les contenus et conseils de Contentologue, j&rsquo;ai enfin saut\u00e9 le pas cette ann\u00e9e en participant aux ateliers d&rsquo;\u00e9criture. Ces rendez-vous m&rsquo;offrent non seulement de pr\u00e9cieuses astuces, mais aussi un espace cr\u00e9atif o\u00f9 nous apprenons, ensemble, sans complexe ni jugement. Pour ma part, ces ateliers ont enrichi ma plume et ont rythm\u00e9 ma pratique. Je recommande chaudement \u00e0 quiconque h\u00e9site encore !<\/p><\/div><div class=\"clear\"><\/div><\/div><\/div><div class=\"wpmtst-testimonial testimonial t-slide post-36530\"><div class=\"wpmtst-testimonial-inner testimonial-inner\"><h3 class=\"wpmtst-testimonial-heading testimonial-heading\">Fran\u00e7oise<\/h3><div data-infinite-loop=\"false\"   class=\"wpmtst-testimonial-content testimonial-content\"><div class=\"wpmtst-testimonial-image testimonial-image\"><img loading=\"lazy\" decoding=\"async\" width=\"150\" height=\"150\" src=\"https:\/\/www.contentologue.com\/formations\/wp-content\/uploads\/2025\/01\/Francoise-Ivanovitch-150x150-1.jpg\" class=\"attachment-thumbnail size-thumbnail wp-post-image\" alt=\"\" srcset=\"https:\/\/www.contentologue.com\/formations\/wp-content\/uploads\/2025\/01\/Francoise-Ivanovitch-150x150-1.jpg 150w, https:\/\/www.contentologue.com\/formations\/wp-content\/uploads\/2025\/01\/Francoise-Ivanovitch-150x150-1-75x75.jpg 75w, https:\/\/www.contentologue.com\/formations\/wp-content\/uploads\/2025\/01\/Francoise-Ivanovitch-150x150-1-24x24.jpg 24w, https:\/\/www.contentologue.com\/formations\/wp-content\/uploads\/2025\/01\/Francoise-Ivanovitch-150x150-1-48x48.jpg 48w, https:\/\/www.contentologue.com\/formations\/wp-content\/uploads\/2025\/01\/Francoise-Ivanovitch-150x150-1-96x96.jpg 96w\" sizes=\"auto, (max-width: 150px) 100vw, 150px\" \/><\/div><div class=\"maybe-clear\"><\/div><div>Super les ateliers d&rsquo;\u00e9criture de Sophie.<\/div><div>Qualit\u00e9, dynamisme\u00a0et professionnalisme sont au RDV.<\/div><div>Th\u00e9orie, Exemples, Mises en pratique, Remarques personnalis\u00e9es.<\/div><div>La Recette est parfaite ! Merci Sophie !<\/div><\/div><div class=\"clear\"><\/div><\/div><\/div><div class=\"wpmtst-testimonial testimonial t-slide post-36535\"><div class=\"wpmtst-testimonial-inner testimonial-inner\"><h3 class=\"wpmtst-testimonial-heading testimonial-heading\">S\u00e9bastien<\/h3><div data-infinite-loop=\"false\"   class=\"wpmtst-testimonial-content testimonial-content\"><div class=\"wpmtst-testimonial-image testimonial-image\"><img loading=\"lazy\" decoding=\"async\" width=\"150\" height=\"150\" src=\"https:\/\/www.contentologue.com\/formations\/wp-content\/uploads\/2025\/01\/Portrait-detoure-tronque-Medium-1-150x150.png\" class=\"attachment-thumbnail size-thumbnail wp-post-image\" alt=\"\" srcset=\"https:\/\/www.contentologue.com\/formations\/wp-content\/uploads\/2025\/01\/Portrait-detoure-tronque-Medium-1-150x150.png 150w, https:\/\/www.contentologue.com\/formations\/wp-content\/uploads\/2025\/01\/Portrait-detoure-tronque-Medium-1-75x75.png 75w, https:\/\/www.contentologue.com\/formations\/wp-content\/uploads\/2025\/01\/Portrait-detoure-tronque-Medium-1-24x24.png 24w, https:\/\/www.contentologue.com\/formations\/wp-content\/uploads\/2025\/01\/Portrait-detoure-tronque-Medium-1-48x48.png 48w, https:\/\/www.contentologue.com\/formations\/wp-content\/uploads\/2025\/01\/Portrait-detoure-tronque-Medium-1-96x96.png 96w, https:\/\/www.contentologue.com\/formations\/wp-content\/uploads\/2025\/01\/Portrait-detoure-tronque-Medium-1-300x300.png 300w\" sizes=\"auto, (max-width: 150px) 100vw, 150px\" \/><\/div><div class=\"maybe-clear\"><\/div><p>Vous voulez vraiment progresser en \u00e9criture ? Rien ne vaut le passage \u00e0 l&rsquo;action. Dans des ateliers d&rsquo;une heure, Sophie vous am\u00e8ne semaine apr\u00e8s semaine \u00e0 appr\u00e9hender les rouages d&rsquo;une bonne histoire. Des dialogues en passant par les descriptions ou le point de vue interne immersif, vous maitriserez durablement toutes les bases d&rsquo;un r\u00e9cit r\u00e9ussi. Vous ratez une session ? Pas de souci, vous pourrez la reprendre en replay plus tard. Avec les ateliers de Sophie, je sais comment captiver le lecteur et je me sens par\u00e9 pour \u00e9crire mon premier roman.<\/p><\/div><div class=\"clear\"><\/div><\/div><\/div><\/div><\/div>\n<hr \/>\n<h3><a href=\"https:\/\/www.contentologue.com\/formations\/acces-atelier-nouvelle\/\"><strong>R\u00e9servez votre place d\u00e8s maintenant !<\/strong><\/a><\/h3>\n<p>\u26a0\ufe0f Attention : seulement <strong>20 places disponibles<\/strong> pour cet atelier. Ne tardez pas !<\/p>\n<p>Rejoignez-nous et vivez une exp\u00e9rience enrichissante o\u00f9 vous repartirez avec <strong>un premier jet de nouvelle complet<\/strong> et des techniques \u00e0 appliquer pour vos futurs \u00e9crits !<\/p>\n<p>\ud83c\udf9f\ufe0f <strong>Prix de l\u2019atelier : 19\u20ac<\/strong><\/p>\n<h3 style=\"text-align: center;\">Les inscriptions sont d\u00e9sormais ferm\u00e9es.<\/h3>\n<hr \/>\n<h3><strong>FAQ\u00a0<\/strong><\/h3>\n<p><strong>1. Faut-il avoir de l\u2019exp\u00e9rience en \u00e9criture ?<\/strong><br \/>\nPas du tout ! Cet atelier est accessible \u00e0 tout le monde, peu importe votre niveau.<\/p>\n<p><strong>2. Que dois-je pr\u00e9parer avant l\u2019atelier ?<\/strong><br \/>\nPoss\u00e9der le logiciel Discord, <strong>un ordinateur,<\/strong> un logiciel de traitement de texte ou un carnet pour \u00e9crire. Vous devez v\u00e9rifier vos \u00e9quipements Discord, audio et vid\u00e9o fonctionnent <strong>avant<\/strong> le jour de l'atelier. Je serai pr\u00e9sente 15mn avant le d\u00e9but de l'atelier pour tester l'audio et la vid\u00e9o de chacun. Tout probl\u00e8me audio ou vid\u00e9o rencontr\u00e9 pendant l'atelier ne pourra pas \u00eatre r\u00e9gl\u00e9 par moi, ni faire l'objet d'un remboursement.<\/p>\n<p><strong>3. Comment se d\u00e9roule l\u2019atelier sur Discord ?<\/strong><br \/>\nVous recevrez un lien avec toutes les informations apr\u00e8s l'achat. Une fois connect\u00e9, vous serez guid\u00e9 pas \u00e0 pas dans un espace convivial et interactif.<\/p>\n","protected":false},"excerpt":{"rendered":"<p>\u00c9crivez une nouvelle \u00e0 chute en 2H30 \u270d\ufe0f Un atelier&hellip;<\/p>\n<p> <a class=\"more-link\" href=\"https:\/\/www.contentologue.com\/formations\/ateliernouvelle\/\">Read more<\/a><\/p>\n","protected":false},"author":1,"featured_media":0,"parent":0,"menu_order":0,"comment_status":"closed","ping_status":"closed","template":"","meta":{"footnotes":""},"class_list":["post-36520","page","type-page","status-publish"],"_links":{"self":[{"href":"https:\/\/www.contentologue.com\/formations\/wp-json\/wp\/v2\/pages\/36520","targetHints":{"allow":["GET"]}}],"collection":[{"href":"https:\/\/www.contentologue.com\/formations\/wp-json\/wp\/v2\/pages"}],"about":[{"href":"https:\/\/www.contentologue.com\/formations\/wp-json\/wp\/v2\/types\/page"}],"author":[{"embeddable":true,"href":"https:\/\/www.contentologue.com\/formations\/wp-json\/wp\/v2\/users\/1"}],"replies":[{"embeddable":true,"href":"https:\/\/www.contentologue.com\/formations\/wp-json\/wp\/v2\/comments?post=36520"}],"version-history":[{"count":9,"href":"https:\/\/www.contentologue.com\/formations\/wp-json\/wp\/v2\/pages\/36520\/revisions"}],"predecessor-version":[{"id":37347,"href":"https:\/\/www.contentologue.com\/formations\/wp-json\/wp\/v2\/pages\/36520\/revisions\/37347"}],"wp:attachment":[{"href":"https:\/\/www.contentologue.com\/formations\/wp-json\/wp\/v2\/media?parent=36520"}],"curies":[{"name":"wp","href":"https:\/\/api.w.org\/{rel}","templated":true}]}}